{"id":2299,"date":"2020-11-10T13:25:22","date_gmt":"2020-11-10T18:25:22","guid":{"rendered":"http:\/\/slcaottawa.com\/site\/?page_id=2299"},"modified":"2020-11-10T15:31:28","modified_gmt":"2020-11-10T20:31:28","slug":"canadas-capital-declares-april-as-sri-lankan-heritage-month","status":"publish","type":"page","link":"https:\/\/slcaottawa.com\/site\/slcao-community\/canadas-capital-declares-april-as-sri-lankan-heritage-month\/","title":{"rendered":"Canada&#8217;s Capital Declares April as Sri Lankan Heritage Month"},"content":{"rendered":"\n<p><br>Publishing date: Nov 10, 2020&nbsp;&nbsp;\u2022&nbsp;&nbsp;2 minute read<\/p>\n\n\n\n<figure class=\"wp-block-image size-large\"><img loading=\"lazy\" decoding=\"async\" width=\"692\" height=\"905\" src=\"http:\/\/slcaottawa.com\/site\/wp-content\/uploads\/2020\/11\/April-as-Sri-Lankan-Heritage-Month-in-Ottawa-1.png\" alt=\"\" class=\"wp-image-2312\" srcset=\"https:\/\/slcaottawa.com\/site\/wp-content\/uploads\/2020\/11\/April-as-Sri-Lankan-Heritage-Month-in-Ottawa-1.png 692w, https:\/\/slcaottawa.com\/site\/wp-content\/uploads\/2020\/11\/April-as-Sri-Lankan-Heritage-Month-in-Ottawa-1-229x300.png 229w\" sizes=\"(max-width: 692px) 100vw, 692px\" \/><\/figure>\n\n\n\n<p>We are pleased to announce that His Worship Jim Watson, Mayor of City of Ottawa has declared April as Sri Lankan Heritage Month. Due to COVID-19 pandemic, all events were cancelled and there were delays to obtain the proclamation. We as a community are thankful to the Mayor, City Councilors and staff of City of Ottawa for this recognition. We also thank   community volunteers, supporters , sponsors, SLCAO President Anura Ferdinand and Executive Committee  to make this landmark recognition a success for not just Ottawa but for all of Canada.<\/p>\n\n\n\n<p>The recognition received in 2020 will pave-way for future city-wide, province-wide and national proclamations with the support of community members.<\/p>\n\n\n\n<p><strong>History<\/strong><\/p>\n\n\n\n<p>During the 2019 SLCAO Tri-City Cricket Tournament &amp; Six-a-Side Tournament petitions to request city wide and province wide April As Sri Lankan Heritage Month proclamations were collected and handed out. The events were well attended and the following dignitaries were present.<\/p>\n\n\n\n<p>Hon MP David McGuinty, Ottawa South<br>Mr. David Bertschi, Concervative Candidate \u2013 Orleans<br>His Excellency High Commissioner M.A.K. Girihagama<br>Hon MP Chandra Arya, Nepean<br>Hon MPP Marie-France Lalonde, Orleans<br>City Councillor Riley Brockington of River Ward<br>Hon MPP John Fraser, Interim Leader Ontario MPP for Ottawa South<br>Mr. Nissanga Jaysinghe, Chair SLCAO Seniors Group 2019<br>Dr. Nimal De Silva, President Peradeniya Alumini Association<\/p>\n\n\n\n<figure class=\"wp-block-image size-large\"><img loading=\"lazy\" decoding=\"async\" width=\"433\" height=\"430\" src=\"http:\/\/slcaottawa.com\/site\/wp-content\/uploads\/2020\/11\/Cricket1.png\" alt=\"\" class=\"wp-image-2305\" srcset=\"https:\/\/slcaottawa.com\/site\/wp-content\/uploads\/2020\/11\/Cricket1.png 433w, https:\/\/slcaottawa.com\/site\/wp-content\/uploads\/2020\/11\/Cricket1-300x298.png 300w, https:\/\/slcaottawa.com\/site\/wp-content\/uploads\/2020\/11\/Cricket1-150x150.png 150w, https:\/\/slcaottawa.com\/site\/wp-content\/uploads\/2020\/11\/Cricket1-200x200.png 200w\" sizes=\"(max-width: 433px) 100vw, 433px\" \/><\/figure>\n\n\n\n<figure class=\"wp-block-image size-large\"><img loading=\"lazy\" decoding=\"async\" width=\"904\" height=\"933\" src=\"http:\/\/slcaottawa.com\/site\/wp-content\/uploads\/2020\/11\/TriCity-Cricket2.png\" alt=\"\" class=\"wp-image-2306\" srcset=\"https:\/\/slcaottawa.com\/site\/wp-content\/uploads\/2020\/11\/TriCity-Cricket2.png 904w, https:\/\/slcaottawa.com\/site\/wp-content\/uploads\/2020\/11\/TriCity-Cricket2-291x300.png 291w, https:\/\/slcaottawa.com\/site\/wp-content\/uploads\/2020\/11\/TriCity-Cricket2-768x793.png 768w\" sizes=\"(max-width: 904px) 100vw, 904px\" \/><\/figure>\n\n\n\n<figure class=\"wp-block-image size-large\"><img loading=\"lazy\" decoding=\"async\" width=\"1024\" height=\"768\" src=\"http:\/\/slcaottawa.com\/site\/wp-content\/uploads\/2020\/11\/Jim-Watson-SLCAO-Six-a-side-Tournament-1024x768.jpg\" alt=\"\" class=\"wp-image-2307\" srcset=\"https:\/\/slcaottawa.com\/site\/wp-content\/uploads\/2020\/11\/Jim-Watson-SLCAO-Six-a-side-Tournament-1024x768.jpg 1024w, https:\/\/slcaottawa.com\/site\/wp-content\/uploads\/2020\/11\/Jim-Watson-SLCAO-Six-a-side-Tournament-300x225.jpg 300w, https:\/\/slcaottawa.com\/site\/wp-content\/uploads\/2020\/11\/Jim-Watson-SLCAO-Six-a-side-Tournament-768x576.jpg 768w, https:\/\/slcaottawa.com\/site\/wp-content\/uploads\/2020\/11\/Jim-Watson-SLCAO-Six-a-side-Tournament-1536x1152.jpg 1536w, https:\/\/slcaottawa.com\/site\/wp-content\/uploads\/2020\/11\/Jim-Watson-SLCAO-Six-a-side-Tournament.jpg 2048w\" sizes=\"(max-width: 1024px) 100vw, 1024px\" \/><\/figure>\n\n\n\n<figure class=\"wp-block-image size-large\"><img loading=\"lazy\" decoding=\"async\" width=\"1024\" height=\"768\" src=\"http:\/\/slcaottawa.com\/site\/wp-content\/uploads\/2020\/11\/Six-a-side-2-1024x768.jpg\" alt=\"\" class=\"wp-image-2308\" srcset=\"https:\/\/slcaottawa.com\/site\/wp-content\/uploads\/2020\/11\/Six-a-side-2-1024x768.jpg 1024w, https:\/\/slcaottawa.com\/site\/wp-content\/uploads\/2020\/11\/Six-a-side-2-300x225.jpg 300w, https:\/\/slcaottawa.com\/site\/wp-content\/uploads\/2020\/11\/Six-a-side-2-768x576.jpg 768w, https:\/\/slcaottawa.com\/site\/wp-content\/uploads\/2020\/11\/Six-a-side-2-1536x1152.jpg 1536w, https:\/\/slcaottawa.com\/site\/wp-content\/uploads\/2020\/11\/Six-a-side-2.jpg 2048w\" sizes=\"(max-width: 1024px) 100vw, 1024px\" \/><\/figure>\n\n\n\n<figure class=\"wp-block-image size-large\"><img loading=\"lazy\" decoding=\"async\" width=\"1024\" height=\"683\" src=\"http:\/\/slcaottawa.com\/site\/wp-content\/uploads\/2020\/11\/Petition-hand-over-2-1024x683.jpg\" alt=\"\" class=\"wp-image-2309\" srcset=\"https:\/\/slcaottawa.com\/site\/wp-content\/uploads\/2020\/11\/Petition-hand-over-2-1024x683.jpg 1024w, https:\/\/slcaottawa.com\/site\/wp-content\/uploads\/2020\/11\/Petition-hand-over-2-300x200.jpg 300w, https:\/\/slcaottawa.com\/site\/wp-content\/uploads\/2020\/11\/Petition-hand-over-2-768x512.jpg 768w, https:\/\/slcaottawa.com\/site\/wp-content\/uploads\/2020\/11\/Petition-hand-over-2-1536x1024.jpg 1536w, https:\/\/slcaottawa.com\/site\/wp-content\/uploads\/2020\/11\/Petition-hand-over-2.jpg 2048w\" sizes=\"(max-width: 1024px) 100vw, 1024px\" \/><\/figure>\n\n\n\n<figure class=\"wp-block-image size-large\"><img loading=\"lazy\" decoding=\"async\" width=\"1024\" height=\"683\" src=\"http:\/\/slcaottawa.com\/site\/wp-content\/uploads\/2020\/11\/Petition-hand-over1-1024x683.jpg\" alt=\"\" class=\"wp-image-2310\" srcset=\"https:\/\/slcaottawa.com\/site\/wp-content\/uploads\/2020\/11\/Petition-hand-over1-1024x683.jpg 1024w, https:\/\/slcaottawa.com\/site\/wp-content\/uploads\/2020\/11\/Petition-hand-over1-300x200.jpg 300w, https:\/\/slcaottawa.com\/site\/wp-content\/uploads\/2020\/11\/Petition-hand-over1-768x512.jpg 768w, https:\/\/slcaottawa.com\/site\/wp-content\/uploads\/2020\/11\/Petition-hand-over1-1536x1024.jpg 1536w, https:\/\/slcaottawa.com\/site\/wp-content\/uploads\/2020\/11\/Petition-hand-over1.jpg 2048w\" sizes=\"(max-width: 1024px) 100vw, 1024px\" \/><\/figure>\n\n\n\n<figure class=\"wp-block-image size-large\"><img loading=\"lazy\" decoding=\"async\" width=\"1024\" height=\"682\" src=\"http:\/\/slcaottawa.com\/site\/wp-content\/uploads\/2020\/11\/Petition-hand-over-3-1024x682.jpg\" alt=\"\" class=\"wp-image-2311\" srcset=\"https:\/\/slcaottawa.com\/site\/wp-content\/uploads\/2020\/11\/Petition-hand-over-3-1024x682.jpg 1024w, https:\/\/slcaottawa.com\/site\/wp-content\/uploads\/2020\/11\/Petition-hand-over-3-300x200.jpg 300w, https:\/\/slcaottawa.com\/site\/wp-content\/uploads\/2020\/11\/Petition-hand-over-3-768x512.jpg 768w, https:\/\/slcaottawa.com\/site\/wp-content\/uploads\/2020\/11\/Petition-hand-over-3-1536x1024.jpg 1536w, https:\/\/slcaottawa.com\/site\/wp-content\/uploads\/2020\/11\/Petition-hand-over-3.jpg 1745w\" sizes=\"(max-width: 1024px) 100vw, 1024px\" \/><\/figure>\n\n\n\n<p>Signed petitions were handed over to:<br><br>City Councillor Riley Brockington of River Ward &#8211; Municipal Proclamation<br>Hon MPP John Fraser MPP for Ottawa South &#8211; Province Wide Proclamation<\/p>\n\n\n\n<p>Full video here:<\/p>\n\n\n\n<p><a href=\"https:\/\/www.facebook.com\/plugins\/video.php?height=314&amp;href=https%3A%2F%2Fwww.facebook.com%2FSLCAO%2Fvideos%2F364052791179507%2F&amp;show_text=false&amp;width=560\">https:\/\/www.facebook.com\/plugins\/video.php?height=314&amp;href=https%3A%2F%2Fwww.facebook.com%2FSLCAO%2Fvideos%2F364052791179507%2F&amp;show_text=false&amp;width=560<\/a><\/p>\n\n\n\n<p>Full text of proclamation:<\/p>\n\n\n\n<blockquote class=\"wp-block-quote is-layout-flow wp-block-quote-is-layout-flow\"><p><strong>APRIL AS SRI LANKAN HERITAGE MONTH<\/strong><\/p><p><strong>WHEREAS<\/strong>, Ottawa is home to a large and vibrant Sri Lankan community; and<\/p><p><strong>WHEREAS<\/strong>, since the first Sri Lankans arrived in Canada in the 1950s, Sri Lankan-Canadians have made significant contributions ranging from Civil Service, University Academia, Medical and Engineering Professions, Agriculture and Agri Business, Computer Sciences, Banking , Arts and Crafts , Service , Manufacturing and many other Industries. Their contribution to Canada and to Ottawa is immeasurable: and<\/p><p><strong>WHEREAS<\/strong>, \u201cAluth Avurudu\u201d or New Year is the biggest of all celebratory festivals in the Sri Lankan community and it falls in April; and<\/p><p><strong>WHEREAS<\/strong>, Sri Lankan Heritage Month will bring Canadians together to express their civic pride and to express their commitment to Canada by performing artistic activities, taking part in Canadian celebrations, sharing Canadian values and enriching the Canadian society with their practices of colourful heritage;<\/p><p><strong><br>THEREFORE<\/strong>, I, Jim Watson, Mayor of the City of Ottawa, do hereby proclaim <strong>April as Sri Lankan Heritage Month<\/strong> in Ottawa.<\/p><p><\/p><p><strong>AVRIL COMME MOIS DU PATRIMOINE&nbsp; SRI\u2011LANKAIS<\/strong><\/p><p><strong>ATTENDU QU&#8217;Ottawa abrite une communaut\u00e9 sri&nbsp;lankaise importante et dynamique; et<\/strong><\/p><p><strong>ATTENDU QUE<\/strong> Depuis l&#8217;arriv\u00e9e des premiers Sri\u2011Lankais au Canada dans les ann\u00e9es 1950, les Canadiens d&#8217;origine sri-lankaise ont apport\u00e9 des contributions importantes allant de la fonction publique aux universit\u00e9s, en passant par les professions m\u00e9dicales et l&#8217;ing\u00e9nierie, l&#8217;agriculture et l&#8217;agroalimentaire, les sciences informatiques, les banques, les arts et m\u00e9tiers, les industries de services et la fabrication en usine. Leur contribution au Canada et \u00e0 Ottawa est incommensurable; et<\/p><p><strong>ATTENDU QUE <\/strong>\u00ab&nbsp;Aluth Avurudu&nbsp;\u00bb ou Nouvel An est le plus grand de tous les festivals de c\u00e9l\u00e9bration dans la communaut\u00e9 sri-lankaise et qu\u2019il tombe en avril; et<\/p><p><strong>ATTENDU QUE <\/strong>le Mois du patrimoine sri-lankais r\u00e9unira les Canadiens pour exprimer leur fiert\u00e9 civique et exprimer leur engagement envers le Canada en effectuant des activit\u00e9s artistiques, en participant \u00e0 des c\u00e9l\u00e9brations canadiennes, en partageant les valeurs canadiennes et en enrichissant la soci\u00e9t\u00e9 canadienne avec leurs pratiques de patrimoine color\u00e9; et<\/p><p><strong>PAR CONS\u00c9QUENT, <\/strong>je, Jim Watson, maire de la Ville d\u2019Ottawa, proclame par la pr\u00e9sente, <strong>avril comme Mois du patrimoine sri-lankais<\/strong> \u00e0 Ottawa.<\/p><\/blockquote>\n\n\n\n<p><\/p>\n\n\n\n<p><strong>What this means to the community?<\/strong><\/p>\n\n\n\n<p>We would highly recommend future community events held in April to include &#8220;<strong>April as Sri Lankan Heritage Month<\/strong>&#8221; context and to invite municipal, provincial and federal dignitaries to share the Sri Lankan culture, heritage and friendships as Canadians.<\/p>\n","protected":false},"excerpt":{"rendered":"<p>Publishing date: Nov 10, 2020&nbsp;&nbsp;\u2022&nbsp;&nbsp;2 minute read We are pleased to announce that His Worship Jim Watson, Mayor of City of Ottawa has declared April as Sri Lankan Heritage Month. Due to COVID-19 pandemic, all events were cancelled and there were delays to obtain the proclamation. We as a community are thankful to the Mayor, <a class=\"more-link\" href=\"https:\/\/slcaottawa.com\/site\/slcao-community\/canadas-capital-declares-april-as-sri-lankan-heritage-month\/\">Read More &#8230;<\/a><\/p>\n","protected":false},"author":14,"featured_media":2300,"parent":18,"menu_order":0,"comment_status":"closed","ping_status":"closed","template":"","meta":{"footnotes":""},"_links":{"self":[{"href":"https:\/\/slcaottawa.com\/site\/wp-json\/wp\/v2\/pages\/2299"}],"collection":[{"href":"https:\/\/slcaottawa.com\/site\/wp-json\/wp\/v2\/pages"}],"about":[{"href":"https:\/\/slcaottawa.com\/site\/wp-json\/wp\/v2\/types\/page"}],"author":[{"embeddable":true,"href":"https:\/\/slcaottawa.com\/site\/wp-json\/wp\/v2\/users\/14"}],"replies":[{"embeddable":true,"href":"https:\/\/slcaottawa.com\/site\/wp-json\/wp\/v2\/comments?post=2299"}],"version-history":[{"count":1,"href":"https:\/\/slcaottawa.com\/site\/wp-json\/wp\/v2\/pages\/2299\/revisions"}],"predecessor-version":[{"id":2318,"href":"https:\/\/slcaottawa.com\/site\/wp-json\/wp\/v2\/pages\/2299\/revisions\/2318"}],"up":[{"embeddable":true,"href":"https:\/\/slcaottawa.com\/site\/wp-json\/wp\/v2\/pages\/18"}],"wp:featuredmedia":[{"embeddable":true,"href":"https:\/\/slcaottawa.com\/site\/wp-json\/wp\/v2\/media\/2300"}],"wp:attachment":[{"href":"https:\/\/slcaottawa.com\/site\/wp-json\/wp\/v2\/media?parent=2299"}],"curies":[{"name":"wp","href":"https:\/\/api.w.org\/{rel}","templated":true}]}}